{"id":1157,"date":"2024-09-24T17:40:46","date_gmt":"2024-09-24T17:40:46","guid":{"rendered":"https:\/colecciones\/"},"modified":"2024-11-20T20:39:29","modified_gmt":"2024-11-20T20:39:29","slug":"colecciones","status":"publish","type":"page","link":"https:\/\/amareni.it\/es\/colecciones\/","title":{"rendered":"Colecciones"},"content":{"rendered":"\t\t<div data-elementor-type=\"wp-page\" data-elementor-id=\"1157\" class=\"elementor elementor-1157 elementor-18\" data-elementor-post-type=\"page\">\n\t\t\t\t<div class=\"elementor-element elementor-element-fefba30 e-flex e-con-boxed e-con e-parent\" data-id=\"fefba30\" data-element_type=\"container\" data-settings=\"{&quot;jet_parallax_layout_list&quot;:[]}\">\n\t\t\t\t\t<div class=\"e-con-inner\">\n\t\t\t\t<div class=\"elementor-element elementor-element-4ffa28c elementor-widget elementor-widget-heading\" data-id=\"4ffa28c\" data-element_type=\"widget\" data-widget_type=\"heading.default\">\n\t\t\t\t<div class=\"elementor-widget-container\">\n\t\t\t\t\t<h1 class=\"elementor-heading-title elementor-size-default\">Colecciones<\/h1>\t\t\t\t<\/div>\n\t\t\t\t<\/div>\n\t\t\t\t<div class=\"elementor-element elementor-element-1617c74 elementor-widget elementor-widget-text-editor\" data-id=\"1617c74\" data-element_type=\"widget\" data-widget_type=\"text-editor.default\">\n\t\t\t\t<div class=\"elementor-widget-container\">\n\t\t\t\t\t\t\t\t\t<p>Las cocinas Amareni son el resultado de la combinaci\u00f3n de dise\u00f1o, innovaci\u00f3n, funcionalidad y elecci\u00f3n consciente de los materiales para crear cocinas contempor\u00e1neas y con estilo para todos.<\/p>\n\t\t\t\t\t\t\t\t<\/div>\n\t\t\t\t<\/div>\n\t\t\t\t<div class=\"elementor-element elementor-element-ef5c779 elementor-widget elementor-widget-jet-listing-grid\" data-id=\"ef5c779\" data-element_type=\"widget\" data-settings=\"{&quot;columns&quot;:&quot;2&quot;,&quot;columns_mobile&quot;:&quot;1&quot;}\" data-widget_type=\"jet-listing-grid.default\">\n\t\t\t\t<div class=\"elementor-widget-container\">\n\t\t\t\t\t<div class=\"jet-listing-grid jet-listing\"><div class=\"jet-listing-grid__items grid-col-desk-2 grid-col-tablet-2 grid-col-mobile-1 jet-listing-grid--928\" data-queried-id=\"1157|WP_Post\" data-nav=\"{&quot;enabled&quot;:false,&quot;type&quot;:null,&quot;more_el&quot;:null,&quot;query&quot;:[],&quot;widget_settings&quot;:{&quot;lisitng_id&quot;:928,&quot;posts_num&quot;:6,&quot;columns&quot;:2,&quot;columns_tablet&quot;:2,&quot;columns_mobile&quot;:1,&quot;is_archive_template&quot;:&quot;&quot;,&quot;post_status&quot;:[&quot;publish&quot;],&quot;use_random_posts_num&quot;:&quot;&quot;,&quot;max_posts_num&quot;:9,&quot;not_found_message&quot;:&quot;No se han encontrado datos&quot;,&quot;is_masonry&quot;:false,&quot;equal_columns_height&quot;:&quot;&quot;,&quot;use_load_more&quot;:&quot;&quot;,&quot;load_more_id&quot;:&quot;&quot;,&quot;load_more_type&quot;:&quot;click&quot;,&quot;load_more_offset&quot;:{&quot;unit&quot;:&quot;px&quot;,&quot;size&quot;:0,&quot;sizes&quot;:[]},&quot;use_custom_post_types&quot;:&quot;&quot;,&quot;custom_post_types&quot;:[],&quot;hide_widget_if&quot;:&quot;&quot;,&quot;carousel_enabled&quot;:&quot;&quot;,&quot;slides_to_scroll&quot;:&quot;1&quot;,&quot;arrows&quot;:&quot;true&quot;,&quot;arrow_icon&quot;:&quot;fa fa-angle-left&quot;,&quot;dots&quot;:&quot;&quot;,&quot;autoplay&quot;:&quot;true&quot;,&quot;pause_on_hover&quot;:&quot;true&quot;,&quot;autoplay_speed&quot;:5000,&quot;infinite&quot;:&quot;true&quot;,&quot;center_mode&quot;:&quot;&quot;,&quot;effect&quot;:&quot;slide&quot;,&quot;speed&quot;:500,&quot;inject_alternative_items&quot;:&quot;&quot;,&quot;injection_items&quot;:[],&quot;scroll_slider_enabled&quot;:&quot;&quot;,&quot;scroll_slider_on&quot;:[&quot;desktop&quot;,&quot;tablet&quot;,&quot;mobile&quot;],&quot;custom_query&quot;:false,&quot;custom_query_id&quot;:&quot;&quot;,&quot;_element_id&quot;:&quot;&quot;,&quot;collapse_first_last_gap&quot;:false,&quot;list_items_wrapper_tag&quot;:&quot;div&quot;,&quot;list_item_tag&quot;:&quot;div&quot;,&quot;empty_items_wrapper_tag&quot;:&quot;div&quot;}}\" data-page=\"1\" data-pages=\"1\" data-listing-source=\"posts\" data-listing-id=\"928\" data-query-id=\"\"><div class=\"jet-listing-grid__item jet-listing-dynamic-post-948\" data-post-id=\"948\" ><style type=\"text\/css\">.jet-listing-dynamic-post-948 .elementor-element.elementor-element-0ef34b6:not(.elementor-motion-effects-element-type-background), .jet-listing-dynamic-post-948 .elementor-element.elementor-element-0ef34b6 > .elementor-motion-effects-container > .elementor-motion-effects-layer{background-image:url(\"https:\/\/amareni.it\/wp-content\/uploads\/Orizzonti-01_3x4.jpg\");}<\/style><div class=\"jet-engine-listing-overlay-wrap\" data-url=\"https:\/\/amareni.it\/es\/collezioni\/orizzonti\/\">\t\t<div data-elementor-type=\"jet-listing-items\" data-elementor-id=\"928\" class=\"elementor elementor-928\" data-elementor-post-type=\"jet-engine\">\n\t\t\t\t<div class=\"elementor-element elementor-element-11a58c0 e-con-full fade-in e-flex elementor-invisible e-con e-parent\" data-id=\"11a58c0\" data-element_type=\"container\" id=\"fade-in\" data-settings=\"{&quot;animation&quot;:&quot;fadeIn&quot;,&quot;jet_parallax_layout_list&quot;:[]}\">\n\t\t<div class=\"elementor-element elementor-element-0ef34b6 e-con-full selector e-flex e-con e-child\" data-id=\"0ef34b6\" data-element_type=\"container\" id=\"selector\" data-settings=\"{&quot;background_background&quot;:&quot;classic&quot;,&quot;jet_parallax_layout_list&quot;:[]}\">\n\t\t\t\t<\/div>\n\t\t\t\t<div class=\"elementor-element elementor-element-ced227a elementor-widget elementor-widget-heading\" data-id=\"ced227a\" data-element_type=\"widget\" data-widget_type=\"heading.default\">\n\t\t\t\t<div class=\"elementor-widget-container\">\n\t\t\t\t\t<p class=\"elementor-heading-title elementor-size-default\">Collezioni<\/p>\t\t\t\t<\/div>\n\t\t\t\t<\/div>\n\t\t\t\t<\/div>\n\t\t\t\t<\/div>\n\t\t<a href=\"https:\/\/amareni.it\/es\/collezioni\/orizzonti\/\" class=\"jet-engine-listing-overlay-link\"><\/a><\/div><\/div><div class=\"jet-listing-grid__item jet-listing-dynamic-post-683\" data-post-id=\"683\" ><style type=\"text\/css\">.jet-listing-dynamic-post-683 .elementor-element.elementor-element-0ef34b6:not(.elementor-motion-effects-element-type-background), .jet-listing-dynamic-post-683 .elementor-element.elementor-element-0ef34b6 > .elementor-motion-effects-container > .elementor-motion-effects-layer{background-image:url(\"https:\/\/amareni.it\/wp-content\/uploads\/Decorativo-01_Collezioni_4x3.jpg\");}<\/style><div class=\"jet-engine-listing-overlay-wrap\" data-url=\"https:\/\/amareni.it\/es\/collezioni\/decorativo\/\">\t\t<div data-elementor-type=\"jet-listing-items\" data-elementor-id=\"928\" class=\"elementor elementor-928\" data-elementor-post-type=\"jet-engine\">\n\t\t\t\t<div class=\"elementor-element elementor-element-11a58c0 e-con-full fade-in e-flex elementor-invisible e-con e-parent\" data-id=\"11a58c0\" data-element_type=\"container\" id=\"fade-in\" data-settings=\"{&quot;animation&quot;:&quot;fadeIn&quot;,&quot;jet_parallax_layout_list&quot;:[]}\">\n\t\t<div class=\"elementor-element elementor-element-0ef34b6 e-con-full selector e-flex e-con e-child\" data-id=\"0ef34b6\" data-element_type=\"container\" id=\"selector\" data-settings=\"{&quot;background_background&quot;:&quot;classic&quot;,&quot;jet_parallax_layout_list&quot;:[]}\">\n\t\t\t\t<\/div>\n\t\t\t\t<div class=\"elementor-element elementor-element-ced227a elementor-widget elementor-widget-heading\" data-id=\"ced227a\" data-element_type=\"widget\" data-widget_type=\"heading.default\">\n\t\t\t\t<div class=\"elementor-widget-container\">\n\t\t\t\t\t<p class=\"elementor-heading-title elementor-size-default\">Collezioni<\/p>\t\t\t\t<\/div>\n\t\t\t\t<\/div>\n\t\t\t\t<\/div>\n\t\t\t\t<\/div>\n\t\t<a href=\"https:\/\/amareni.it\/es\/collezioni\/decorativo\/\" class=\"jet-engine-listing-overlay-link\"><\/a><\/div><\/div><div class=\"jet-listing-grid__item jet-listing-dynamic-post-273\" data-post-id=\"273\" ><style type=\"text\/css\">.jet-listing-dynamic-post-273 .elementor-element.elementor-element-0ef34b6:not(.elementor-motion-effects-element-type-background), .jet-listing-dynamic-post-273 .elementor-element.elementor-element-0ef34b6 > .elementor-motion-effects-container > .elementor-motion-effects-layer{background-image:url(\"https:\/\/amareni.it\/wp-content\/uploads\/cucina-urbana-comp.jpg\");}<\/style><div class=\"jet-engine-listing-overlay-wrap\" data-url=\"https:\/\/amareni.it\/es\/collezioni\/cucina-urbana\/\">\t\t<div data-elementor-type=\"jet-listing-items\" data-elementor-id=\"928\" class=\"elementor elementor-928\" data-elementor-post-type=\"jet-engine\">\n\t\t\t\t<div class=\"elementor-element elementor-element-11a58c0 e-con-full fade-in e-flex elementor-invisible e-con e-parent\" data-id=\"11a58c0\" data-element_type=\"container\" id=\"fade-in\" data-settings=\"{&quot;animation&quot;:&quot;fadeIn&quot;,&quot;jet_parallax_layout_list&quot;:[]}\">\n\t\t<div class=\"elementor-element elementor-element-0ef34b6 e-con-full selector e-flex e-con e-child\" data-id=\"0ef34b6\" data-element_type=\"container\" id=\"selector\" data-settings=\"{&quot;background_background&quot;:&quot;classic&quot;,&quot;jet_parallax_layout_list&quot;:[]}\">\n\t\t\t\t<\/div>\n\t\t\t\t<div class=\"elementor-element elementor-element-ced227a elementor-widget elementor-widget-heading\" data-id=\"ced227a\" data-element_type=\"widget\" data-widget_type=\"heading.default\">\n\t\t\t\t<div class=\"elementor-widget-container\">\n\t\t\t\t\t<p class=\"elementor-heading-title elementor-size-default\">Collezioni<\/p>\t\t\t\t<\/div>\n\t\t\t\t<\/div>\n\t\t\t\t<\/div>\n\t\t\t\t<\/div>\n\t\t<a href=\"https:\/\/amareni.it\/es\/collezioni\/cucina-urbana\/\" class=\"jet-engine-listing-overlay-link\"><\/a><\/div><\/div><\/div><\/div>\t\t\t\t<\/div>\n\t\t\t\t<\/div>\n\t\t\t\t\t<\/div>\n\t\t\t\t<\/div>\n\t\t\t\t<\/div>\n\t\t","protected":false},"excerpt":{"rendered":"<p>Colecciones Las cocinas Amareni son el resultado de la combinaci\u00f3n de dise\u00f1o, innovaci\u00f3n, funcionalidad y elecci\u00f3n consciente de los materiales para crear cocinas contempor\u00e1neas y con estilo para todos.<\/p>\n","protected":false},"author":1,"featured_media":0,"parent":0,"menu_order":0,"comment_status":"closed","ping_status":"closed","template":"elementor_header_footer","meta":{"footnotes":""},"class_list":["post-1157","page","type-page","status-publish","hentry"],"yoast_head":"<!-- This site is optimized with the Yoast SEO plugin v26.0 - https:\/\/yoast.com\/wordpress\/plugins\/seo\/ -->\n<title>Colecciones - Amareni<\/title>\n<meta name=\"robots\" content=\"index, follow, max-snippet:-1, max-image-preview:large, max-video-preview:-1\" \/>\n<meta property=\"og:locale\" content=\"es_ES\" \/>\n<meta property=\"og:type\" content=\"article\" \/>\n<meta property=\"og:title\" content=\"Colecciones - Amareni\" \/>\n<meta property=\"og:description\" content=\"Colecciones Las cocinas Amareni son el resultado de la combinaci\u00f3n de dise\u00f1o, innovaci\u00f3n, funcionalidad y elecci\u00f3n consciente de los materiales para crear cocinas contempor\u00e1neas y con estilo para todos.\" \/>\n<meta property=\"og:url\" content=\"https:\/\/amareni.it\/es\/colecciones\/\" \/>\n<meta property=\"og:site_name\" content=\"Amareni\" \/>\n<meta property=\"article:modified_time\" content=\"2024-11-20T20:39:29+00:00\" \/>\n<meta name=\"twitter:card\" content=\"summary_large_image\" \/>\n<script type=\"application\/ld+json\" class=\"yoast-schema-graph\">{\"@context\":\"https:\/\/schema.org\",\"@graph\":[{\"@type\":\"WebPage\",\"@id\":\"https:\/\/amareni.it\/es\/colecciones\/\",\"url\":\"https:\/\/amareni.it\/es\/colecciones\/\",\"name\":\"Colecciones - Amareni\",\"isPartOf\":{\"@id\":\"https:\/\/amareni.it\/#website\"},\"datePublished\":\"2024-09-24T17:40:46+00:00\",\"dateModified\":\"2024-11-20T20:39:29+00:00\",\"breadcrumb\":{\"@id\":\"https:\/\/amareni.it\/es\/colecciones\/#breadcrumb\"},\"inLanguage\":\"es\",\"potentialAction\":[{\"@type\":\"ReadAction\",\"target\":[\"https:\/\/amareni.it\/es\/colecciones\/\"]}]},{\"@type\":\"BreadcrumbList\",\"@id\":\"https:\/\/amareni.it\/es\/colecciones\/#breadcrumb\",\"itemListElement\":[{\"@type\":\"ListItem\",\"position\":1,\"name\":\"Home\",\"item\":\"https:\/\/amareni.it\/es\/\"},{\"@type\":\"ListItem\",\"position\":2,\"name\":\"Colecciones\"}]},{\"@type\":\"WebSite\",\"@id\":\"https:\/\/amareni.it\/#website\",\"url\":\"https:\/\/amareni.it\/\",\"name\":\"Amareni\",\"description\":\"Cucine di design personalizzabili.\",\"publisher\":{\"@id\":\"https:\/\/amareni.it\/#organization\"},\"potentialAction\":[{\"@type\":\"SearchAction\",\"target\":{\"@type\":\"EntryPoint\",\"urlTemplate\":\"https:\/\/amareni.it\/?s={search_term_string}\"},\"query-input\":{\"@type\":\"PropertyValueSpecification\",\"valueRequired\":true,\"valueName\":\"search_term_string\"}}],\"inLanguage\":\"es\"},{\"@type\":\"Organization\",\"@id\":\"https:\/\/amareni.it\/#organization\",\"name\":\"Amareni\",\"url\":\"https:\/\/amareni.it\/\",\"logo\":{\"@type\":\"ImageObject\",\"inLanguage\":\"es\",\"@id\":\"https:\/\/amareni.it\/#\/schema\/logo\/image\/\",\"url\":\"https:\/\/amareni.it\/wp-content\/uploads\/logo-amareni-texto.svg\",\"contentUrl\":\"https:\/\/amareni.it\/wp-content\/uploads\/logo-amareni-texto.svg\",\"width\":433,\"height\":74,\"caption\":\"Amareni\"},\"image\":{\"@id\":\"https:\/\/amareni.it\/#\/schema\/logo\/image\/\"}}]}<\/script>\n<!-- \/ Yoast SEO plugin. -->","yoast_head_json":{"title":"Colecciones - Amareni","robots":{"index":"index","follow":"follow","max-snippet":"max-snippet:-1","max-image-preview":"max-image-preview:large","max-video-preview":"max-video-preview:-1"},"og_locale":"es_ES","og_type":"article","og_title":"Colecciones - Amareni","og_description":"Colecciones Las cocinas Amareni son el resultado de la combinaci\u00f3n de dise\u00f1o, innovaci\u00f3n, funcionalidad y elecci\u00f3n consciente de los materiales para crear cocinas contempor\u00e1neas y con estilo para todos.","og_url":"https:\/\/amareni.it\/es\/colecciones\/","og_site_name":"Amareni","article_modified_time":"2024-11-20T20:39:29+00:00","twitter_card":"summary_large_image","schema":{"@context":"https:\/\/schema.org","@graph":[{"@type":"WebPage","@id":"https:\/\/amareni.it\/es\/colecciones\/","url":"https:\/\/amareni.it\/es\/colecciones\/","name":"Colecciones - Amareni","isPartOf":{"@id":"https:\/\/amareni.it\/#website"},"datePublished":"2024-09-24T17:40:46+00:00","dateModified":"2024-11-20T20:39:29+00:00","breadcrumb":{"@id":"https:\/\/amareni.it\/es\/colecciones\/#breadcrumb"},"inLanguage":"es","potentialAction":[{"@type":"ReadAction","target":["https:\/\/amareni.it\/es\/colecciones\/"]}]},{"@type":"BreadcrumbList","@id":"https:\/\/amareni.it\/es\/colecciones\/#breadcrumb","itemListElement":[{"@type":"ListItem","position":1,"name":"Home","item":"https:\/\/amareni.it\/es\/"},{"@type":"ListItem","position":2,"name":"Colecciones"}]},{"@type":"WebSite","@id":"https:\/\/amareni.it\/#website","url":"https:\/\/amareni.it\/","name":"Amareni","description":"Cucine di design personalizzabili.","publisher":{"@id":"https:\/\/amareni.it\/#organization"},"potentialAction":[{"@type":"SearchAction","target":{"@type":"EntryPoint","urlTemplate":"https:\/\/amareni.it\/?s={search_term_string}"},"query-input":{"@type":"PropertyValueSpecification","valueRequired":true,"valueName":"search_term_string"}}],"inLanguage":"es"},{"@type":"Organization","@id":"https:\/\/amareni.it\/#organization","name":"Amareni","url":"https:\/\/amareni.it\/","logo":{"@type":"ImageObject","inLanguage":"es","@id":"https:\/\/amareni.it\/#\/schema\/logo\/image\/","url":"https:\/\/amareni.it\/wp-content\/uploads\/logo-amareni-texto.svg","contentUrl":"https:\/\/amareni.it\/wp-content\/uploads\/logo-amareni-texto.svg","width":433,"height":74,"caption":"Amareni"},"image":{"@id":"https:\/\/amareni.it\/#\/schema\/logo\/image\/"}}]}},"_links":{"self":[{"href":"https:\/\/amareni.it\/es\/wp-json\/wp\/v2\/pages\/1157","targetHints":{"allow":["GET"]}}],"collection":[{"href":"https:\/\/amareni.it\/es\/wp-json\/wp\/v2\/pages"}],"about":[{"href":"https:\/\/amareni.it\/es\/wp-json\/wp\/v2\/types\/page"}],"author":[{"embeddable":true,"href":"https:\/\/amareni.it\/es\/wp-json\/wp\/v2\/users\/1"}],"replies":[{"embeddable":true,"href":"https:\/\/amareni.it\/es\/wp-json\/wp\/v2\/comments?post=1157"}],"version-history":[{"count":5,"href":"https:\/\/amareni.it\/es\/wp-json\/wp\/v2\/pages\/1157\/revisions"}],"predecessor-version":[{"id":1405,"href":"https:\/\/amareni.it\/es\/wp-json\/wp\/v2\/pages\/1157\/revisions\/1405"}],"wp:attachment":[{"href":"https:\/\/amareni.it\/es\/wp-json\/wp\/v2\/media?parent=1157"}],"curies":[{"name":"wp","href":"https:\/\/api.w.org\/{rel}","templated":true}]}}