{"id":1161,"date":"2024-09-24T17:40:31","date_gmt":"2024-09-24T17:40:31","guid":{"rendered":"https:\/contacta-con-nosotros\/"},"modified":"2024-12-05T18:56:04","modified_gmt":"2024-12-05T18:56:04","slug":"contacta-con-nosotros","status":"publish","type":"page","link":"https:\/\/amareni.it\/es\/contacta-con-nosotros\/","title":{"rendered":"Contacto"},"content":{"rendered":"\t\t<div data-elementor-type=\"wp-page\" data-elementor-id=\"1161\" class=\"elementor elementor-1161 elementor-16\" data-elementor-post-type=\"page\">\n\t\t\t\t<div class=\"elementor-element elementor-element-27740f5 e-flex e-con-boxed e-con e-parent\" data-id=\"27740f5\" data-element_type=\"container\" data-settings=\"{&quot;background_background&quot;:&quot;classic&quot;,&quot;jet_parallax_layout_list&quot;:[]}\">\n\t\t\t\t\t<div class=\"e-con-inner\">\n\t\t\t\t<div class=\"elementor-element elementor-element-b9c2546 elementor-widget__width-initial elementor-widget elementor-widget-heading\" data-id=\"b9c2546\" data-element_type=\"widget\" data-widget_type=\"heading.default\">\n\t\t\t\t<div class=\"elementor-widget-container\">\n\t\t\t\t\t<div class=\"elementor-heading-title elementor-size-default\">Ponte en contacto con  <\/div>\t\t\t\t<\/div>\n\t\t\t\t<\/div>\n\t\t\t\t\t<\/div>\n\t\t\t\t<\/div>\n\t\t<div class=\"elementor-element elementor-element-e3ce705 contact-form e-flex e-con-boxed e-con e-parent\" data-id=\"e3ce705\" data-element_type=\"container\" data-settings=\"{&quot;jet_parallax_layout_list&quot;:[]}\">\n\t\t\t\t\t<div class=\"e-con-inner\">\n\t\t<div class=\"elementor-element elementor-element-611701f e-con-full e-flex e-con e-child\" data-id=\"611701f\" data-element_type=\"container\" data-settings=\"{&quot;jet_parallax_layout_list&quot;:[]}\">\n\t\t\t\t<div class=\"elementor-element elementor-element-63eef8b elementor-widget__width-inherit elementor-widget elementor-widget-heading\" data-id=\"63eef8b\" data-element_type=\"widget\" data-widget_type=\"heading.default\">\n\t\t\t\t<div class=\"elementor-widget-container\">\n\t\t\t\t\t<h2 class=\"elementor-heading-title elementor-size-default\">\u00bfERES DISTRIBUIDOR?  <\/h2>\t\t\t\t<\/div>\n\t\t\t\t<\/div>\n\t\t\t\t<div class=\"elementor-element elementor-element-ca40af6 elementor-widget elementor-widget-heading\" data-id=\"ca40af6\" data-element_type=\"widget\" data-widget_type=\"heading.default\">\n\t\t\t\t<div class=\"elementor-widget-container\">\n\t\t\t\t\t<h2 class=\"elementor-heading-title elementor-size-default\">Tienes muchas razones para elegir Amareni :  <\/h2>\t\t\t\t<\/div>\n\t\t\t\t<\/div>\n\t\t\t\t<div class=\"elementor-element elementor-element-a643184 elementor-widget__width-inherit elementor-widget elementor-widget-text-editor\" data-id=\"a643184\" data-element_type=\"widget\" data-widget_type=\"text-editor.default\">\n\t\t\t\t<div class=\"elementor-widget-container\">\n\t\t\t\t\t\t\t\t\t<ul>\n<li>Por calidad<\/li>\n<li>Por la gran variedad de productos y tama\u00f1os de nuestros m\u00f3dulos<\/li>\n<li>Ser competitivos en precio<\/li>\n<li>Ser \u00e1giles y ofrecer un gran servicio<\/li>\n<li>Para un dise\u00f1o contempor\u00e1neo<\/li>\n<li>Especializarse<\/li>\n<li>Estar a la vanguardia de las nuevas tecnolog\u00edas<\/li>\n<\/ul>\n\t\t\t\t\t\t\t\t<\/div>\n\t\t\t\t<\/div>\n\t\t\t\t<div class=\"elementor-element elementor-element-d403262 elementor-widget__width-inherit elementor-widget-mobile__width-inherit elementor-widget elementor-widget-text-editor\" data-id=\"d403262\" data-element_type=\"widget\" data-widget_type=\"text-editor.default\">\n\t\t\t\t<div class=\"elementor-widget-container\">\n\t\t\t\t\t\t\t\t\t<p>Tu empresa puede formar parte de un grupo s\u00f3lido y prestigioso con d\u00e9cadas de experiencia. Estamos ampliando nuestra red de distribuci\u00f3n. Si quieres participar en un proyecto empresarial con futuro, p\u00eddenos m\u00e1s informaci\u00f3n. Estaremos encantados de darte la bienvenida a nuestro equipo.   <\/p>\n\t\t\t\t\t\t\t\t<\/div>\n\t\t\t\t<\/div>\n\t\t\t\t<\/div>\n\t\t<div class=\"elementor-element elementor-element-f196db7 e-con-full e-flex e-con e-child\" data-id=\"f196db7\" data-element_type=\"container\" data-settings=\"{&quot;jet_parallax_layout_list&quot;:[]}\">\n\t\t\t\t<div class=\"elementor-element elementor-element-d8a3c9e elementor-widget__width-inherit elementor-widget elementor-widget-heading\" data-id=\"d8a3c9e\" data-element_type=\"widget\" data-widget_type=\"heading.default\">\n\t\t\t\t<div class=\"elementor-widget-container\">\n\t\t\t\t\t<h2 class=\"elementor-heading-title elementor-size-default\">\u00bfERES UNA PERSONA PRIVADA?  <\/h2>\t\t\t\t<\/div>\n\t\t\t\t<\/div>\n\t\t\t\t<div class=\"elementor-element elementor-element-8597095 elementor-widget elementor-widget-heading\" data-id=\"8597095\" data-element_type=\"widget\" data-widget_type=\"heading.default\">\n\t\t\t\t<div class=\"elementor-widget-container\">\n\t\t\t\t\t<h2 class=\"elementor-heading-title elementor-size-default\">Amareni quiere ser la cocina adecuada para ti:  <\/h2>\t\t\t\t<\/div>\n\t\t\t\t<\/div>\n\t\t\t\t<div class=\"elementor-element elementor-element-db1f3b0 elementor-widget__width-inherit elementor-widget elementor-widget-text-editor\" data-id=\"db1f3b0\" data-element_type=\"widget\" data-widget_type=\"text-editor.default\">\n\t\t\t\t<div class=\"elementor-widget-container\">\n\t\t\t\t\t\t\t\t\t<ul>\n<li>Por calidad<\/li>\n<li>Por la posibilidad de personalizaci\u00f3n<\/li>\n<li>Por la belleza de los materiales y acabados<\/li>\n<li>Para ajustarse a tu presupuesto<\/li>\n<li>Para un dise\u00f1o contempor\u00e1neo<\/li>\n<li>Por funcionalidad<\/li>\n<li>Para una mayor durabilidad<\/li>\n<\/ul>\n\t\t\t\t\t\t\t\t<\/div>\n\t\t\t\t<\/div>\n\t\t\t\t<div class=\"elementor-element elementor-element-b39169d elementor-widget__width-inherit elementor-widget-mobile__width-inherit elementor-widget elementor-widget-text-editor\" data-id=\"b39169d\" data-element_type=\"widget\" data-widget_type=\"text-editor.default\">\n\t\t\t\t<div class=\"elementor-widget-container\">\n\t\t\t\t\t\t\t\t\t<p>Las cocinas Amareni te ofrecen la posibilidad de elegir entre una gran variedad de modelos y acabados, con una amplia selecci\u00f3n de materiales de primera calidad, lo que te permite crear la cocina de tus sue\u00f1os sin gastar de m\u00e1s. Amareni es la cocina contempor\u00e1nea de calidad al mejor precio. <\/p>\n<p>P\u00eddenos m\u00e1s informaci\u00f3n.<\/p>\n\t\t\t\t\t\t\t\t<\/div>\n\t\t\t\t<\/div>\n\t\t\t\t<\/div>\n\t\t\t\t\t<\/div>\n\t\t\t\t<\/div>\n\t\t<div class=\"elementor-element elementor-element-401611d e-flex e-con-boxed e-con e-parent\" data-id=\"401611d\" data-element_type=\"container\" data-settings=\"{&quot;jet_parallax_layout_list&quot;:[]}\">\n\t\t\t\t\t<div class=\"e-con-inner\">\n\t\t\t\t<div class=\"elementor-element elementor-element-e642051 elementor-widget elementor-widget-heading\" data-id=\"e642051\" data-element_type=\"widget\" data-widget_type=\"heading.default\">\n\t\t\t\t<div class=\"elementor-widget-container\">\n\t\t\t\t\t<h2 class=\"elementor-heading-title elementor-size-default\">CONTACTOS  <\/h2>\t\t\t\t<\/div>\n\t\t\t\t<\/div>\n\t\t\t\t<div class=\"elementor-element elementor-element-4fdb23c elementor-widget elementor-widget-text-editor\" data-id=\"4fdb23c\" data-element_type=\"widget\" data-widget_type=\"text-editor.default\">\n\t\t\t\t<div class=\"elementor-widget-container\">\n\t\t\t\t\t\t\t\t\t<p>Ponte en contacto con nosotros a trav\u00e9s del formulario para obtener m\u00e1s informaci\u00f3n sobre nuestras colecciones y servicios. Para solicitudes concretas, escribe a<a href=\"mailto:amareni@amareni.com\">info@amareni.com<\/a> y nos pondremos en contacto contigo lo antes posible.<\/p>\n\t\t\t\t\t\t\t\t<\/div>\n\t\t\t\t<\/div>\n\t\t\t\t<div class=\"elementor-element elementor-element-c58651e elementor-widget elementor-widget-heading\" data-id=\"c58651e\" data-element_type=\"widget\" data-widget_type=\"heading.default\">\n\t\t\t\t<div class=\"elementor-widget-container\">\n\t\t\t\t\t<h2 class=\"elementor-heading-title elementor-size-default\">OTRAS PETICIONES  <\/h2>\t\t\t\t<\/div>\n\t\t\t\t<\/div>\n\t\t\t\t<div class=\"elementor-element elementor-element-bed0499 elementor-button-align-start elementor-widget__width-inherit elementor-widget-mobile__width-inherit contact-form elementor-widget elementor-widget-form\" data-id=\"bed0499\" data-element_type=\"widget\" data-settings=\"{&quot;step_next_label&quot;:&quot;Siguiente&quot;,&quot;step_previous_label&quot;:&quot;Anterior&quot;,&quot;button_width&quot;:&quot;100&quot;,&quot;step_type&quot;:&quot;number_text&quot;,&quot;step_icon_shape&quot;:&quot;circle&quot;}\" data-widget_type=\"form.default\">\n\t\t\t\t<div class=\"elementor-widget-container\">\n\t\t\t\t\t\t\t<form class=\"elementor-form\" method=\"post\" name=\"Nuevo formulario\" aria-label=\"Nuevo formulario\">\n\t\t\t<input type=\"hidden\" name=\"post_id\" value=\"1161\"\/>\n\t\t\t<input type=\"hidden\" name=\"form_id\" value=\"bed0499\"\/>\n\t\t\t<input type=\"hidden\" name=\"referer_title\" value=\"Contacto - Amareni\" \/>\n\n\t\t\t\t\t\t\t<input type=\"hidden\" name=\"queried_id\" value=\"1161\"\/>\n\t\t\t\n\t\t\t<div class=\"elementor-form-fields-wrapper elementor-labels-above\">\n\t\t\t\t\t\t\t\t<div class=\"elementor-field-type-text elementor-field-group elementor-column elementor-field-group-name elementor-col-50\">\n\t\t\t\t\t\t\t\t\t\t\t\t\t<input size=\"1\" type=\"text\" name=\"form_fields[name]\" id=\"form-field-name\" class=\"elementor-field elementor-size-sm  elementor-field-textual\" placeholder=\"Nombre*.\">\n\t\t\t\t\t\t\t\t\t\t\t<\/div>\n\t\t\t\t\t\t\t\t<div class=\"elementor-field-type-text elementor-field-group elementor-column elementor-field-group-field_02ae38b elementor-col-50\">\n\t\t\t\t\t\t\t\t\t\t\t\t\t<input size=\"1\" type=\"text\" name=\"form_fields[field_02ae38b]\" id=\"form-field-field_02ae38b\" class=\"elementor-field elementor-size-sm  elementor-field-textual\" placeholder=\"Apellido\">\n\t\t\t\t\t\t\t\t\t\t\t<\/div>\n\t\t\t\t\t\t\t\t<div class=\"elementor-field-type-tel elementor-field-group elementor-column elementor-field-group-field_5053ad0 elementor-col-50\">\n\t\t\t\t\t\t\t<input size=\"1\" type=\"tel\" name=\"form_fields[field_5053ad0]\" id=\"form-field-field_5053ad0\" class=\"elementor-field elementor-size-sm  elementor-field-textual\" placeholder=\"tel\u00e9fono\" pattern=\"[0-9()#&amp;+*-=.]+\" title=\"Solo se aceptan n\u00fameros y caracteres de tel\u00e9fono (#,-,*,etc).\">\n\n\t\t\t\t\t\t<\/div>\n\t\t\t\t\t\t\t\t<div class=\"elementor-field-type-email elementor-field-group elementor-column elementor-field-group-email elementor-col-50 elementor-field-required\">\n\t\t\t\t\t\t\t\t\t\t\t\t\t<input size=\"1\" type=\"email\" name=\"form_fields[email]\" id=\"form-field-email\" class=\"elementor-field elementor-size-sm  elementor-field-textual\" placeholder=\"correo electr\u00f3nico\" required=\"required\">\n\t\t\t\t\t\t\t\t\t\t\t<\/div>\n\t\t\t\t\t\t\t\t<div class=\"elementor-field-type-text elementor-field-group elementor-column elementor-field-group-field_235f3ad elementor-col-50\">\n\t\t\t\t\t\t\t\t\t\t\t\t\t<input size=\"1\" type=\"text\" name=\"form_fields[field_235f3ad]\" id=\"form-field-field_235f3ad\" class=\"elementor-field elementor-size-sm  elementor-field-textual\" placeholder=\"Pa\u00eds\">\n\t\t\t\t\t\t\t\t\t\t\t<\/div>\n\t\t\t\t\t\t\t\t<div class=\"elementor-field-type-text elementor-field-group elementor-column elementor-field-group-field_6958164 elementor-col-50 elementor-sm-50\">\n\t\t\t\t\t\t\t\t\t\t\t\t\t<input size=\"1\" type=\"text\" name=\"form_fields[field_6958164]\" id=\"form-field-field_6958164\" class=\"elementor-field elementor-size-sm  elementor-field-textual\" placeholder=\"Ciudad\">\n\t\t\t\t\t\t\t\t\t\t\t<\/div>\n\t\t\t\t\t\t\t\t<div class=\"elementor-field-type-textarea elementor-field-group elementor-column elementor-field-group-field_ae69c5c elementor-col-100 elementor-field-required\">\n\t\t\t\t\t<textarea class=\"elementor-field-textual elementor-field  elementor-size-sm\" name=\"form_fields[field_ae69c5c]\" id=\"form-field-field_ae69c5c\" rows=\"4\" placeholder=\"Mensaje\" required=\"required\"><\/textarea>\t\t\t\t<\/div>\n\t\t\t\t\t\t\t\t<div class=\"elementor-field-type-acceptance elementor-field-group elementor-column elementor-field-group-field_2ba278b elementor-col-100 elementor-field-required\">\n\t\t\t\t\t\t\t\t\t\t\t\t<label for=\"form-field-field_2ba278b\" class=\"elementor-field-label\">\n\t\t\t\t\t\t\t\tDe conformidad con los art\u00edculos 6, 7, 12 y 13 del Reglamento UE 2016\/679 - RGPD\t\t\t\t\t\t\t<\/label>\n\t\t\t\t\t\t\t\t<div class=\"elementor-field-subgroup\">\n\t\t\t<span class=\"elementor-field-option\">\n\t\t\t\t<input type=\"checkbox\" name=\"form_fields[field_2ba278b]\" id=\"form-field-field_2ba278b\" class=\"elementor-field elementor-size-sm  elementor-acceptance-field\" required=\"required\">\n\t\t\t\t<label for=\"form-field-field_2ba278b\">Al continuar, declaro que he le\u00eddo <a href=\"https:\/es\/politica-de-privacidad\/\"><u>la pol\u00edtica de privacidad para el tratamiento de datos personales <\/u><\/a> de AMARENI.<\/label>\t\t\t<\/span>\n\t\t<\/div>\n\t\t\t\t\t\t<\/div>\n\t\t\t\t\t\t\t\t<div class=\"elementor-field-group elementor-column elementor-field-type-submit elementor-col-100 e-form__buttons\">\n\t\t\t\t\t<button class=\"elementor-button elementor-size-sm\" type=\"submit\">\n\t\t\t\t\t\t<span class=\"elementor-button-content-wrapper\">\n\t\t\t\t\t\t\t\t\t\t\t\t\t\t\t\t\t\t\t\t\t\t<span class=\"elementor-button-text\">ENVIAR<\/span>\n\t\t\t\t\t\t\t\t\t\t\t\t\t<\/span>\n\t\t\t\t\t<\/button>\n\t\t\t\t<\/div>\n\t\t\t<\/div>\n\t\t<\/form>\n\t\t\t\t\t\t<\/div>\n\t\t\t\t<\/div>\n\t\t\t\t\t<\/div>\n\t\t\t\t<\/div>\n\t\t\t\t<\/div>\n\t\t","protected":false},"excerpt":{"rendered":"<p>Ponte en contacto con \u00bfERES DISTRIBUIDOR? Tienes muchas razones para elegir Amareni : Por calidad Por la gran variedad de productos y tama\u00f1os de nuestros m\u00f3dulos Ser competitivos en precio Ser \u00e1giles y ofrecer un gran servicio Para un dise\u00f1o contempor\u00e1neo Especializarse Estar a la vanguardia de las nuevas tecnolog\u00edas Tu empresa puede formar parte [&hellip;]<\/p>\n","protected":false},"author":1,"featured_media":0,"parent":0,"menu_order":0,"comment_status":"closed","ping_status":"closed","template":"","meta":{"footnotes":""},"class_list":["post-1161","page","type-page","status-publish","hentry"],"yoast_head":"<!-- This site is optimized with the Yoast SEO plugin v26.0 - https:\/\/yoast.com\/wordpress\/plugins\/seo\/ -->\n<title>Contacto - Amareni<\/title>\n<meta name=\"robots\" content=\"index, follow, max-snippet:-1, max-image-preview:large, max-video-preview:-1\" \/>\n<meta property=\"og:locale\" content=\"es_ES\" \/>\n<meta property=\"og:type\" content=\"article\" \/>\n<meta property=\"og:title\" content=\"Contacto - Amareni\" \/>\n<meta property=\"og:description\" content=\"Ponte en contacto con \u00bfERES DISTRIBUIDOR? Tienes muchas razones para elegir Amareni : Por calidad Por la gran variedad de productos y tama\u00f1os de nuestros m\u00f3dulos Ser competitivos en precio Ser \u00e1giles y ofrecer un gran servicio Para un dise\u00f1o contempor\u00e1neo Especializarse Estar a la vanguardia de las nuevas tecnolog\u00edas Tu empresa puede formar parte [&hellip;]\" \/>\n<meta property=\"og:url\" content=\"https:\/\/amareni.it\/es\/contacta-con-nosotros\/\" \/>\n<meta property=\"og:site_name\" content=\"Amareni\" \/>\n<meta property=\"article:modified_time\" content=\"2024-12-05T18:56:04+00:00\" \/>\n<meta name=\"twitter:card\" content=\"summary_large_image\" \/>\n<meta name=\"twitter:label1\" content=\"Tiempo de lectura\" \/>\n\t<meta name=\"twitter:data1\" content=\"1 minuto\" \/>\n<script type=\"application\/ld+json\" class=\"yoast-schema-graph\">{\"@context\":\"https:\/\/schema.org\",\"@graph\":[{\"@type\":\"WebPage\",\"@id\":\"https:\/\/amareni.it\/es\/contacta-con-nosotros\/\",\"url\":\"https:\/\/amareni.it\/es\/contacta-con-nosotros\/\",\"name\":\"Contacto - Amareni\",\"isPartOf\":{\"@id\":\"https:\/\/amareni.it\/#website\"},\"datePublished\":\"2024-09-24T17:40:31+00:00\",\"dateModified\":\"2024-12-05T18:56:04+00:00\",\"breadcrumb\":{\"@id\":\"https:\/\/amareni.it\/es\/contacta-con-nosotros\/#breadcrumb\"},\"inLanguage\":\"es\",\"potentialAction\":[{\"@type\":\"ReadAction\",\"target\":[\"https:\/\/amareni.it\/es\/contacta-con-nosotros\/\"]}]},{\"@type\":\"BreadcrumbList\",\"@id\":\"https:\/\/amareni.it\/es\/contacta-con-nosotros\/#breadcrumb\",\"itemListElement\":[{\"@type\":\"ListItem\",\"position\":1,\"name\":\"Home\",\"item\":\"https:\/\/amareni.it\/es\/\"},{\"@type\":\"ListItem\",\"position\":2,\"name\":\"Contacto\"}]},{\"@type\":\"WebSite\",\"@id\":\"https:\/\/amareni.it\/#website\",\"url\":\"https:\/\/amareni.it\/\",\"name\":\"Amareni\",\"description\":\"Cucine di design personalizzabili.\",\"publisher\":{\"@id\":\"https:\/\/amareni.it\/#organization\"},\"potentialAction\":[{\"@type\":\"SearchAction\",\"target\":{\"@type\":\"EntryPoint\",\"urlTemplate\":\"https:\/\/amareni.it\/?s={search_term_string}\"},\"query-input\":{\"@type\":\"PropertyValueSpecification\",\"valueRequired\":true,\"valueName\":\"search_term_string\"}}],\"inLanguage\":\"es\"},{\"@type\":\"Organization\",\"@id\":\"https:\/\/amareni.it\/#organization\",\"name\":\"Amareni\",\"url\":\"https:\/\/amareni.it\/\",\"logo\":{\"@type\":\"ImageObject\",\"inLanguage\":\"es\",\"@id\":\"https:\/\/amareni.it\/#\/schema\/logo\/image\/\",\"url\":\"https:\/\/amareni.it\/wp-content\/uploads\/logo-amareni-texto.svg\",\"contentUrl\":\"https:\/\/amareni.it\/wp-content\/uploads\/logo-amareni-texto.svg\",\"width\":433,\"height\":74,\"caption\":\"Amareni\"},\"image\":{\"@id\":\"https:\/\/amareni.it\/#\/schema\/logo\/image\/\"}}]}<\/script>\n<!-- \/ Yoast SEO plugin. -->","yoast_head_json":{"title":"Contacto - Amareni","robots":{"index":"index","follow":"follow","max-snippet":"max-snippet:-1","max-image-preview":"max-image-preview:large","max-video-preview":"max-video-preview:-1"},"og_locale":"es_ES","og_type":"article","og_title":"Contacto - Amareni","og_description":"Ponte en contacto con \u00bfERES DISTRIBUIDOR? Tienes muchas razones para elegir Amareni : Por calidad Por la gran variedad de productos y tama\u00f1os de nuestros m\u00f3dulos Ser competitivos en precio Ser \u00e1giles y ofrecer un gran servicio Para un dise\u00f1o contempor\u00e1neo Especializarse Estar a la vanguardia de las nuevas tecnolog\u00edas Tu empresa puede formar parte [&hellip;]","og_url":"https:\/\/amareni.it\/es\/contacta-con-nosotros\/","og_site_name":"Amareni","article_modified_time":"2024-12-05T18:56:04+00:00","twitter_card":"summary_large_image","twitter_misc":{"Tiempo de lectura":"1 minuto"},"schema":{"@context":"https:\/\/schema.org","@graph":[{"@type":"WebPage","@id":"https:\/\/amareni.it\/es\/contacta-con-nosotros\/","url":"https:\/\/amareni.it\/es\/contacta-con-nosotros\/","name":"Contacto - Amareni","isPartOf":{"@id":"https:\/\/amareni.it\/#website"},"datePublished":"2024-09-24T17:40:31+00:00","dateModified":"2024-12-05T18:56:04+00:00","breadcrumb":{"@id":"https:\/\/amareni.it\/es\/contacta-con-nosotros\/#breadcrumb"},"inLanguage":"es","potentialAction":[{"@type":"ReadAction","target":["https:\/\/amareni.it\/es\/contacta-con-nosotros\/"]}]},{"@type":"BreadcrumbList","@id":"https:\/\/amareni.it\/es\/contacta-con-nosotros\/#breadcrumb","itemListElement":[{"@type":"ListItem","position":1,"name":"Home","item":"https:\/\/amareni.it\/es\/"},{"@type":"ListItem","position":2,"name":"Contacto"}]},{"@type":"WebSite","@id":"https:\/\/amareni.it\/#website","url":"https:\/\/amareni.it\/","name":"Amareni","description":"Cucine di design personalizzabili.","publisher":{"@id":"https:\/\/amareni.it\/#organization"},"potentialAction":[{"@type":"SearchAction","target":{"@type":"EntryPoint","urlTemplate":"https:\/\/amareni.it\/?s={search_term_string}"},"query-input":{"@type":"PropertyValueSpecification","valueRequired":true,"valueName":"search_term_string"}}],"inLanguage":"es"},{"@type":"Organization","@id":"https:\/\/amareni.it\/#organization","name":"Amareni","url":"https:\/\/amareni.it\/","logo":{"@type":"ImageObject","inLanguage":"es","@id":"https:\/\/amareni.it\/#\/schema\/logo\/image\/","url":"https:\/\/amareni.it\/wp-content\/uploads\/logo-amareni-texto.svg","contentUrl":"https:\/\/amareni.it\/wp-content\/uploads\/logo-amareni-texto.svg","width":433,"height":74,"caption":"Amareni"},"image":{"@id":"https:\/\/amareni.it\/#\/schema\/logo\/image\/"}}]}},"_links":{"self":[{"href":"https:\/\/amareni.it\/es\/wp-json\/wp\/v2\/pages\/1161","targetHints":{"allow":["GET"]}}],"collection":[{"href":"https:\/\/amareni.it\/es\/wp-json\/wp\/v2\/pages"}],"about":[{"href":"https:\/\/amareni.it\/es\/wp-json\/wp\/v2\/types\/page"}],"author":[{"embeddable":true,"href":"https:\/\/amareni.it\/es\/wp-json\/wp\/v2\/users\/1"}],"replies":[{"embeddable":true,"href":"https:\/\/amareni.it\/es\/wp-json\/wp\/v2\/comments?post=1161"}],"version-history":[{"count":5,"href":"https:\/\/amareni.it\/es\/wp-json\/wp\/v2\/pages\/1161\/revisions"}],"predecessor-version":[{"id":1458,"href":"https:\/\/amareni.it\/es\/wp-json\/wp\/v2\/pages\/1161\/revisions\/1458"}],"wp:attachment":[{"href":"https:\/\/amareni.it\/es\/wp-json\/wp\/v2\/media?parent=1161"}],"curies":[{"name":"wp","href":"https:\/\/api.w.org\/{rel}","templated":true}]}}