{"id":1162,"date":"2024-11-04T17:29:44","date_gmt":"2024-11-04T17:29:44","guid":{"rendered":"https:\/declaracion-de-accesibilidad\/"},"modified":"2024-11-11T18:40:11","modified_gmt":"2024-11-11T18:40:11","slug":"declaracion-de-accesibilidad","status":"publish","type":"page","link":"https:\/\/amareni.it\/es\/declaracion-de-accesibilidad\/","title":{"rendered":"Declaraci\u00f3n de accesibilidad"},"content":{"rendered":"\n<p>Mar\u00eda de les Neus Alos Palop se compromete a hacer accesibles sus sitios web, de conformidad con el <strong>Real Decreto 1112\/2018<\/strong>, de 7 de septiembre, relativo a la accesibilidad de los sitios web y aplicaciones m\u00f3viles del sector p\u00fablico, por el que se transpone al ordenamiento jur\u00eddico espa\u00f1ol <strong>la Directiva (UE) 2016\/2102 del Parlamento Europeo y del Consejo<\/strong>.<\/p>\n\n<p>Esta declaraci\u00f3n de accesibilidad se aplica al portal institucional <a href=\"https:\/es\/\">https:\/.<\/a><\/p>\n\n<h2 class=\"wp-block-heading\">ESTADO DE CUMPLIMIENTO<\/h2>\n\n<p>Este sitio web cumple parcialmente el <strong>RD 1112\/2018<\/strong> debido a las excepciones e incumplimientos de los aspectos que se indican a continuaci\u00f3n.<\/p>\n\n<h2 class=\"wp-block-heading\">CONTENIDO NO ACCESIBLE<\/h2>\n\n<p>El contenido que aparece a continuaci\u00f3n no es accesible por las siguientes razones:<\/p>\n\n<ol class=\"wp-block-list\">\n<li>Incumplimiento del RD 1112\/2018\n<ul class=\"wp-block-list\">\n<li>Debido a la automatizaci\u00f3n de algunas publicaciones, puede haber p\u00e1ginas con anidamiento incorrecto de etiquetas HTML.<\/li>\n\n\n\n<li>Hay documentos en formato PDF que no cumplen totalmente la norma; algunos de ellos tienen una alternativa textual HTML conforme.<\/li>\n\n\n\n<li>Ocasionalmente pueden producirse errores de edici\u00f3n en algunas p\u00e1ginas web.<\/li>\n<\/ul>\n<\/li>\n\n\n\n<li>Carga desproporcionada\n<ul class=\"wp-block-list\">\n<li>No procede.<\/li>\n<\/ul>\n<\/li>\n\n\n\n<li>Contenido fuera del \u00e1mbito de la legislaci\u00f3n aplicable\n<ul class=\"wp-block-list\">\n<li>Archivos en PDF u otros formatos, as\u00ed como solicitudes publicadas antes del 20 de septiembre de 2018, que no cumplan todos los requisitos de accesibilidad.<\/li>\n<\/ul>\n<\/li>\n<\/ol>\n\n<h2 class=\"wp-block-heading\">ELABORACI\u00d3N DE ESTA DECLARACI\u00d3N DE ACCESIBILIDAD<\/h2>\n\n<p>Esta declaraci\u00f3n se elabor\u00f3 el 28 de octubre de 2019 y se basa en los informes de accesibilidad web del<strong>Observatorio de Accesibilidad<\/strong>.<\/p>\n\n<h2 class=\"wp-block-heading\">COMENTARIOS Y DATOS DE CONTACTO<\/h2>\n\n<p>Se pueden enviar comunicaciones sobre requisitos de accesibilidad (art\u00edculo 10.2 del RD 1112\/2018), tales como:<\/p>\n\n<ul class=\"wp-block-list\">\n<li>Informa de cualquier posible incumplimiento de este sitio web.<\/li>\n\n\n\n<li>Transmitir otras dificultades de acceso al contenido.<\/li>\n\n\n\n<li>Env\u00eda cualquier otra pregunta o sugerencia de mejora relacionada con la accesibilidad del sitio web.<\/li>\n<\/ul>\n\n<p>Estas comunicaciones ser\u00e1n recibidas y procesadas por el administrador de Maite Espinosa.<\/p>\n\n<h2 class=\"wp-block-heading\">PROCEDIMIENTO DE SOLICITUD<\/h2>\n\n<p>Se establecer\u00e1 un procedimiento de ejecuci\u00f3n adecuado y eficaz que se seguir\u00e1 en caso de respuesta insatisfactoria a la comunicaci\u00f3n o solicitud.<\/p>\n\n<h2 class=\"wp-block-heading\">CONTENIDO OPCIONAL<\/h2>\n\n<p>Este sitio web:<\/p>\n\n<ul class=\"wp-block-list\">\n<li>Se ha dise\u00f1ado de acuerdo con las normas y reglamentos de accesibilidad vigentes, cumpliendo los puntos de verificaci\u00f3n de prioridad 2 (AA) definidos en la especificaci\u00f3n <strong>WCAG 2.1<\/strong>.<\/li>\n\n\n\n<li>Cumple los requisitos de la <strong>norma UNE-EN 301549 v1.1.2:2015<\/strong>, con las excepciones estipuladas en <strong>el RD 1112\/2018<\/strong>.<\/li>\n\n\n\n<li>Est\u00e1 dise\u00f1ado para su correcta visualizaci\u00f3n en ordenadores de sobremesa, tabletas y dispositivos m\u00f3viles con una resoluci\u00f3n m\u00ednima de 1280\u00d71024.<\/li>\n\n\n\n<li>Se realiz\u00f3 utilizando <strong>HTML5<\/strong> como lenguaje de marcado y <strong>CSS3<\/strong> para el dise\u00f1o.<\/li>\n<\/ul>\n\n<p><\/p>\n","protected":false},"excerpt":{"rendered":"<p>Mar\u00eda de les Neus Alos Palop se compromete a hacer accesibles sus sitios web, de conformidad con el Real Decreto 1112\/2018, de 7 de septiembre, relativo a la accesibilidad de los sitios web y aplicaciones m\u00f3viles del sector p\u00fablico, por el que se transpone al ordenamiento jur\u00eddico espa\u00f1ol la Directiva (UE) 2016\/2102 del Parlamento Europeo [&hellip;]<\/p>\n","protected":false},"author":1,"featured_media":0,"parent":0,"menu_order":0,"comment_status":"closed","ping_status":"closed","template":"","meta":{"footnotes":""},"class_list":["post-1162","page","type-page","status-publish","hentry"],"yoast_head":"<!-- This site is optimized with the Yoast SEO plugin v26.0 - https:\/\/yoast.com\/wordpress\/plugins\/seo\/ -->\n<title>Declaraci\u00f3n de accesibilidad - Amareni<\/title>\n<meta name=\"robots\" content=\"index, follow, max-snippet:-1, max-image-preview:large, max-video-preview:-1\" \/>\n<meta property=\"og:locale\" content=\"es_ES\" \/>\n<meta property=\"og:type\" content=\"article\" \/>\n<meta property=\"og:title\" content=\"Declaraci\u00f3n de accesibilidad - Amareni\" \/>\n<meta property=\"og:description\" content=\"Mar\u00eda de les Neus Alos Palop se compromete a hacer accesibles sus sitios web, de conformidad con el Real Decreto 1112\/2018, de 7 de septiembre, relativo a la accesibilidad de los sitios web y aplicaciones m\u00f3viles del sector p\u00fablico, por el que se transpone al ordenamiento jur\u00eddico espa\u00f1ol la Directiva (UE) 2016\/2102 del Parlamento Europeo [&hellip;]\" \/>\n<meta property=\"og:url\" content=\"https:\/\/amareni.it\/es\/declaracion-de-accesibilidad\/\" \/>\n<meta property=\"og:site_name\" content=\"Amareni\" \/>\n<meta property=\"article:modified_time\" content=\"2024-11-11T18:40:11+00:00\" \/>\n<meta name=\"twitter:card\" content=\"summary_large_image\" \/>\n<meta name=\"twitter:label1\" content=\"Tiempo de lectura\" \/>\n\t<meta name=\"twitter:data1\" content=\"2 minutos\" \/>\n<script type=\"application\/ld+json\" class=\"yoast-schema-graph\">{\"@context\":\"https:\/\/schema.org\",\"@graph\":[{\"@type\":\"WebPage\",\"@id\":\"https:\/\/amareni.it\/es\/declaracion-de-accesibilidad\/\",\"url\":\"https:\/\/amareni.it\/es\/declaracion-de-accesibilidad\/\",\"name\":\"Declaraci\u00f3n de accesibilidad - Amareni\",\"isPartOf\":{\"@id\":\"https:\/\/amareni.it\/#website\"},\"datePublished\":\"2024-11-04T17:29:44+00:00\",\"dateModified\":\"2024-11-11T18:40:11+00:00\",\"breadcrumb\":{\"@id\":\"https:\/\/amareni.it\/es\/declaracion-de-accesibilidad\/#breadcrumb\"},\"inLanguage\":\"es\",\"potentialAction\":[{\"@type\":\"ReadAction\",\"target\":[\"https:\/\/amareni.it\/es\/declaracion-de-accesibilidad\/\"]}]},{\"@type\":\"BreadcrumbList\",\"@id\":\"https:\/\/amareni.it\/es\/declaracion-de-accesibilidad\/#breadcrumb\",\"itemListElement\":[{\"@type\":\"ListItem\",\"position\":1,\"name\":\"Home\",\"item\":\"https:\/\/amareni.it\/es\/\"},{\"@type\":\"ListItem\",\"position\":2,\"name\":\"Declaraci\u00f3n de accesibilidad\"}]},{\"@type\":\"WebSite\",\"@id\":\"https:\/\/amareni.it\/#website\",\"url\":\"https:\/\/amareni.it\/\",\"name\":\"Amareni\",\"description\":\"Cucine di design personalizzabili.\",\"publisher\":{\"@id\":\"https:\/\/amareni.it\/#organization\"},\"potentialAction\":[{\"@type\":\"SearchAction\",\"target\":{\"@type\":\"EntryPoint\",\"urlTemplate\":\"https:\/\/amareni.it\/?s={search_term_string}\"},\"query-input\":{\"@type\":\"PropertyValueSpecification\",\"valueRequired\":true,\"valueName\":\"search_term_string\"}}],\"inLanguage\":\"es\"},{\"@type\":\"Organization\",\"@id\":\"https:\/\/amareni.it\/#organization\",\"name\":\"Amareni\",\"url\":\"https:\/\/amareni.it\/\",\"logo\":{\"@type\":\"ImageObject\",\"inLanguage\":\"es\",\"@id\":\"https:\/\/amareni.it\/#\/schema\/logo\/image\/\",\"url\":\"https:\/\/amareni.it\/wp-content\/uploads\/logo-amareni-texto.svg\",\"contentUrl\":\"https:\/\/amareni.it\/wp-content\/uploads\/logo-amareni-texto.svg\",\"width\":433,\"height\":74,\"caption\":\"Amareni\"},\"image\":{\"@id\":\"https:\/\/amareni.it\/#\/schema\/logo\/image\/\"}}]}<\/script>\n<!-- \/ Yoast SEO plugin. -->","yoast_head_json":{"title":"Declaraci\u00f3n de accesibilidad - Amareni","robots":{"index":"index","follow":"follow","max-snippet":"max-snippet:-1","max-image-preview":"max-image-preview:large","max-video-preview":"max-video-preview:-1"},"og_locale":"es_ES","og_type":"article","og_title":"Declaraci\u00f3n de accesibilidad - Amareni","og_description":"Mar\u00eda de les Neus Alos Palop se compromete a hacer accesibles sus sitios web, de conformidad con el Real Decreto 1112\/2018, de 7 de septiembre, relativo a la accesibilidad de los sitios web y aplicaciones m\u00f3viles del sector p\u00fablico, por el que se transpone al ordenamiento jur\u00eddico espa\u00f1ol la Directiva (UE) 2016\/2102 del Parlamento Europeo [&hellip;]","og_url":"https:\/\/amareni.it\/es\/declaracion-de-accesibilidad\/","og_site_name":"Amareni","article_modified_time":"2024-11-11T18:40:11+00:00","twitter_card":"summary_large_image","twitter_misc":{"Tiempo de lectura":"2 minutos"},"schema":{"@context":"https:\/\/schema.org","@graph":[{"@type":"WebPage","@id":"https:\/\/amareni.it\/es\/declaracion-de-accesibilidad\/","url":"https:\/\/amareni.it\/es\/declaracion-de-accesibilidad\/","name":"Declaraci\u00f3n de accesibilidad - Amareni","isPartOf":{"@id":"https:\/\/amareni.it\/#website"},"datePublished":"2024-11-04T17:29:44+00:00","dateModified":"2024-11-11T18:40:11+00:00","breadcrumb":{"@id":"https:\/\/amareni.it\/es\/declaracion-de-accesibilidad\/#breadcrumb"},"inLanguage":"es","potentialAction":[{"@type":"ReadAction","target":["https:\/\/amareni.it\/es\/declaracion-de-accesibilidad\/"]}]},{"@type":"BreadcrumbList","@id":"https:\/\/amareni.it\/es\/declaracion-de-accesibilidad\/#breadcrumb","itemListElement":[{"@type":"ListItem","position":1,"name":"Home","item":"https:\/\/amareni.it\/es\/"},{"@type":"ListItem","position":2,"name":"Declaraci\u00f3n de accesibilidad"}]},{"@type":"WebSite","@id":"https:\/\/amareni.it\/#website","url":"https:\/\/amareni.it\/","name":"Amareni","description":"Cucine di design personalizzabili.","publisher":{"@id":"https:\/\/amareni.it\/#organization"},"potentialAction":[{"@type":"SearchAction","target":{"@type":"EntryPoint","urlTemplate":"https:\/\/amareni.it\/?s={search_term_string}"},"query-input":{"@type":"PropertyValueSpecification","valueRequired":true,"valueName":"search_term_string"}}],"inLanguage":"es"},{"@type":"Organization","@id":"https:\/\/amareni.it\/#organization","name":"Amareni","url":"https:\/\/amareni.it\/","logo":{"@type":"ImageObject","inLanguage":"es","@id":"https:\/\/amareni.it\/#\/schema\/logo\/image\/","url":"https:\/\/amareni.it\/wp-content\/uploads\/logo-amareni-texto.svg","contentUrl":"https:\/\/amareni.it\/wp-content\/uploads\/logo-amareni-texto.svg","width":433,"height":74,"caption":"Amareni"},"image":{"@id":"https:\/\/amareni.it\/#\/schema\/logo\/image\/"}}]}},"_links":{"self":[{"href":"https:\/\/amareni.it\/es\/wp-json\/wp\/v2\/pages\/1162","targetHints":{"allow":["GET"]}}],"collection":[{"href":"https:\/\/amareni.it\/es\/wp-json\/wp\/v2\/pages"}],"about":[{"href":"https:\/\/amareni.it\/es\/wp-json\/wp\/v2\/types\/page"}],"author":[{"embeddable":true,"href":"https:\/\/amareni.it\/es\/wp-json\/wp\/v2\/users\/1"}],"replies":[{"embeddable":true,"href":"https:\/\/amareni.it\/es\/wp-json\/wp\/v2\/comments?post=1162"}],"version-history":[{"count":1,"href":"https:\/\/amareni.it\/es\/wp-json\/wp\/v2\/pages\/1162\/revisions"}],"predecessor-version":[{"id":1164,"href":"https:\/\/amareni.it\/es\/wp-json\/wp\/v2\/pages\/1162\/revisions\/1164"}],"wp:attachment":[{"href":"https:\/\/amareni.it\/es\/wp-json\/wp\/v2\/media?parent=1162"}],"curies":[{"name":"wp","href":"https:\/\/api.w.org\/{rel}","templated":true}]}}