{"id":1205,"date":"2023-01-25T12:32:10","date_gmt":"2023-01-25T12:32:10","guid":{"rendered":"https:\/politica-de-privacidad\/"},"modified":"2024-11-11T18:46:22","modified_gmt":"2024-11-11T18:46:22","slug":"politica-de-privacidad","status":"publish","type":"page","link":"https:\/\/amareni.it\/es\/politica-de-privacidad\/","title":{"rendered":"Pol\u00edtica de privacidad"},"content":{"rendered":"\n<h2 class=\"wp-block-heading\"><strong>Documento informativo Art. 13 Reg. UE 2016\/679 &#8211; GDPR &#8211; Informaci\u00f3n para el tratamiento de datos personales recogidos del interesado\/usuario &#8211; y Art. 130 &#8211; Comunicaciones no deseadas Decreto Legislativo 196\/2003 contratista <\/strong><\/h2>\n\n<p>En cumplimiento del Reglamento General de Protecci\u00f3n de Datos (UE) 2016\/679, proporcionamos la informaci\u00f3n necesaria sobre el tratamiento de los datos personales facilitados. La informaci\u00f3n no se aplica a otros sitios web que puedan consultarse a trav\u00e9s de enlaces en los sitios web de dominio del propietario, que no es responsable en modo alguno de los sitios web de terceros. Esta informaci\u00f3n se proporciona de conformidad con el Art. 13 del Reg. 2016\/679 de la UE (Reglamento Europeo de Protecci\u00f3n de Datos Personales) y tambi\u00e9n se basa en las disposiciones de la Directiva 2002\/58\/CE, actualizada por la <a href=\"https:\/\/eur-lex.europa.eu\/LexUriServ\/LexUriServ.do?uri=OJ:L:2009:337:0011:0036:it:PDF\">Directiva 2009\/136\/CE<\/a>, sobre Cookies, la Medida de la Autoridad Italiana de Protecci\u00f3n de Datos del 08.05.2014 sobre Cookies y las <a href=\"https:\/\/edpb.europa.eu\/sites\/edpb\/files\/files\/file1\/edpb_guidelines_202005_consent_en.pdf\">Directrices 05\/2020 de la EDPB sobre Consentimiento bajo el GDPR, adoptadas el 04.05.2020<\/a>.   <\/p>\n\n<p><strong>  DATOS NEGOCIABLES<\/strong><\/p>\n\n<p><strong>Datos personales<\/strong><\/p>\n\n<p>A efectos de esta declaraci\u00f3n pol\u00edtica, se entiende por datos personales (Art. 4 GDPR): cualquier informaci\u00f3n relativa a una persona f\u00edsica identificada o identificable (\u00abinteresado\u00bb); una persona identificable es aquella que puede ser identificada, directa o indirectamente, por referencia, en particular, a un identificador como un nombre, un n\u00famero de identificaci\u00f3n, datos de localizaci\u00f3n, un identificador en l\u00ednea o a uno o m\u00e1s factores espec\u00edficos de su identidad f\u00edsica, fisiol\u00f3gica, gen\u00e9tica, mental, econ\u00f3mica, cultural o social; (C26, C27, C30)<\/p>\n\n<p><strong>Datos del contratista\/usuario<\/strong>.<\/p>\n\n<p><strong>Datos de navegaci\u00f3n<\/strong><\/p>\n\n<p>Los sistemas inform\u00e1ticos y los procedimientos de software utilizados para hacer funcionar este sitio web adquieren, durante su funcionamiento normal, algunos datos personales cuya transmisi\u00f3n est\u00e1 impl\u00edcita en el uso de los protocolos de comunicaci\u00f3n de Internet. Estos datos no se recogen para asociarlos a interesados identificados, pero por su propia naturaleza podr\u00edan, mediante su tratamiento y asociaci\u00f3n con datos en poder de terceros, permitir identificar a los usuarios. Esta categor\u00eda de datos incluye las direcciones IP o los nombres de dominio de los ordenadores utilizados por los usuarios que se conectan al sitio, las direcciones en notaci\u00f3n URI (Uniform Resource Identifier) de los recursos solicitados, la hora de la solicitud, el m\u00e9todo utilizado para enviar la solicitud al servidor, el tama\u00f1o del archivo obtenido como respuesta, el c\u00f3digo num\u00e9rico que indica el estado de la respuesta dada por el servidor (correcto, error, etc.) y otros par\u00e1metros relacionados con el sistema operativo y el entorno inform\u00e1tico del usuario.  <\/p>\n\n<p><strong>Cualquier dato facilitado voluntariamente<\/strong><\/p>\n\n<p>El env\u00edo facultativo y voluntario de datos personales (por ejemplo, el env\u00edo de mensajes de correo electr\u00f3nico a las direcciones indicadas en este sitio o la cumplimentaci\u00f3n de formularios de recogida de datos en este sitio) conlleva la recogida y el tratamiento por parte del Responsable del tratamiento de los datos facilitados voluntariamente por los usuarios\/contratantes, necesarios para responder a las solicitudes, as\u00ed como de cualquier otro dato personal incluido en la comunicaci\u00f3n<\/p>\n\n<p><br\/>I<strong>nformaci\u00f3n<\/strong> espec\u00edfica En las p\u00e1ginas del Sitio se presentar\u00e1 informaci\u00f3n espec\u00edfica en relaci\u00f3n con determinados servicios o tratamientos de los Datos proporcionados.<\/p>\n\n<p><br\/>C<strong>ookies<\/strong> Para m\u00e1s informaci\u00f3n sobre las cookies que utiliza este sitio web, consulta la pol\u00edtica de cookies en el siguiente<a href=\"https:\/\/www.amareni.com\/it\/cookie-policy\/\" target=\"_blank\" rel=\"noreferrer noopener\">enlace.<\/a><\/p>\n\n<p><strong><br\/>1.EL \u00abRESPONSABLE\u00bb DEL TRATAMIENTO<\/strong>de conformidad con los art\u00edculos 4 y 24 del GDPR, es Maria de les Neus Alos Palop, Avenida San Lorenzo,63 &#8211; 46901 Torrent (Valencia) Espa\u00f1a, en la persona del representante legal pro-tempore. El correo electr\u00f3nico de contacto del titular es <strong> <a href=\"mailto:privacy@amareni.com\">privacy@amareni.com.<\/a><\/strong> <\/p>\n\n<p><br\/>2<strong>.El RESPONSABLE DE PROTECCI\u00d3N DE DATOS (RPD &#8211; Delegado de Protecci\u00f3n de Datos)<\/strong> se identifica de conformidad con los art\u00edculos 37 &#8211; 39 del Reg. 2016\/679 de la UE. El correo electr\u00f3nico de contacto del RPD es<a href=\"mailto:dpo.amareni@amareni.com\">dpo.amareni@amareni.com.<\/a>  <\/p>\n\n<p><strong>3.FINALIDAD DEL TRATAMIENTO BASE JUR\u00cdDICA PERIODO DE CONSERVACI\u00d3N DE LOS DATOS<\/strong><\/p>\n\n<figure class=\"wp-block-table\"><table class=\"has-fixed-layout\"><thead><tr><td>Navegar por este sitio web, utilizando cookies y tecnolog\u00edas asimiladas seg\u00fan la pol\u00edtica de cookies y cookies y otras tecnolog\u00edas de terceros<\/td><td>Art. 6 c. 1 lett. f) GDPR Inter\u00e9s leg\u00edtimo del Responsable del Tratamiento: permitir la correcta navegaci\u00f3n por el sitio web Para las cookies de elaboraci\u00f3n de perfiles, el tratamiento se basa en el consentimiento para el tratamiento de datos personales; (C42, C43) Art. 6 par. 1 lett. a) GDPR. Consentimiento dado a trav\u00e9s del banner de cookies del sitio web  <\/td><\/tr><\/thead><tbody><tr><td>Posible tratamiento de datos personales a trav\u00e9s de formularios de este sitio web<\/td><td>Ver informaci\u00f3n espec\u00edfica seg\u00fan el formulario de zona<\/td><\/tr><\/tbody><\/table><\/figure>\n\n<p><strong>4.DESTINATARIOS O CATEGOR\u00cdAS DE DESTINATARIOS DE LOS DATOS<\/strong><\/p>\n\n<p>Los datos de car\u00e1cter personal proporcionados se comunicar\u00e1n a los destinatarios, que tratar\u00e1n los datos en calidad de Encargados del Tratamiento (art. 28 del Reg. UE 2016\/679) y\/o en calidad de personas f\u00edsicas que act\u00faan bajo la autoridad del Responsable del Tratamiento y del Encargado del Tratamiento (art. 29 del Reg. UE 2016\/679), o a sujetos que desempe\u00f1an el papel de Responsables Aut\u00f3nomos del Tratamiento, para los fines enumerados anteriormente en el punto 3. En concreto, los datos se comunicar\u00e1n a: sujetos que prestan servicios para la gesti\u00f3n del sistema de informaci\u00f3n utilizado por   <strong>Maria de les Neus Alos Palop  <\/strong>y redes de telecomunicaciones (incluido el correo electr\u00f3nico y las plataformas); &#8211; empresas o sociedades en el marco de relaciones de asistencia y consultor\u00eda; &#8211; plataformas de redes sociales; &#8211; empresas asociadas, controladas o vinculadas contractualmente a  <strong>Maria de les Neus Alos Palop<\/strong>y\/o que formen parte de su red de distribuci\u00f3n y venta (como sucursales, importadores, distribuidores, revendedores, expedidores, etc.), posiblemente tambi\u00e9n con sede en pa\u00edses no pertenecientes a la Uni\u00f3n Europea; &#8211; autoridades competentes para el cumplimiento de obligaciones legales y\/o disposiciones de organismos p\u00fablicos, previa solicitud. La lista de responsables se actualiza constantemente y est\u00e1 disponible previa solicitud en <a href=\"mailto:privacy@amareni.com\">privacy@amareni.com<\/a> o en la sede de <strong>Maria de les Neus Alos Palop <\/strong>Avenida San Lorenzo, 63, 46901 Torrent (Valencia) Espa\u00f1a. <\/p>\n\n<p><strong>5.TRANSFERENCIA DE DATOS A UN TERCER PA\u00cdS Y\/U ORGANIZACI\u00d3N<\/strong> <strong>ORGANIZACI\u00d3N Y GARANT\u00cdAS INTERNACIONALES<\/strong><\/p>\n\n<p>El sitio est\u00e1 alojado en pa\u00edses de la UE. Los datos de car\u00e1cter personal facilitados podr\u00e1n ser transferidos a pa\u00edses de la Uni\u00f3n Europea y a pa\u00edses de fuera de la UE, para cumplir fines relacionados con los objetivos del tratamiento de datos. Los datos se transferir\u00e1n de acuerdo con el Art\u00edculo 44 &#8211; Principio General de Transferencia; el Art\u00edculo 45 &#8211; Transferencia sobre la base de una decisi\u00f3n de adecuaci\u00f3n; el Art\u00edculo 46 &#8211; Transferencia sujeta a garant\u00edas adecuadas, espec\u00edficamente se transferir\u00e1n los datos: <br\/>&#8211; a terceros pa\u00edses u organizaciones internacionales para los que la Comisi\u00f3n haya intervenido con una evaluaci\u00f3n de adecuaci\u00f3n (Art. 45 Reg. UE 2016\/679)- a terceros pa\u00edses u organizaciones internacionales que hayan proporcionado garant\u00edas adecuadas y con los que el interesado tenga derechos exigibles y medios efectivos de recuerdo (Art. 46 Reg. UE 2016\/679, incluso con cl\u00e1usulas contractuales y las dem\u00e1s disposiciones a que se refiere el apartado 3 del art\u00edculo 46)<br\/>Para obtener informaci\u00f3n sobre las garant\u00edas inherentes a la transferencia de datos fuera de la UE, escribe a  <a href=\"mailto:privacy@amareni.com\">privacy@amareni.com<\/a>.<\/p>\n\n<p>Consulta la informaci\u00f3n espec\u00edfica sobre la base del tratamiento de datos en \u00e1reas concretas.<\/p>\n\n<p><br\/>6<strong>.PLAZO DE ALMACENAMIENTO DE LOS DATOS O CRITERIOS PARA DETERMINAR EL PLAZO<\/strong>. El tratamiento se llevar\u00e1 a cabo de forma automatizada y manual, utilizando m\u00e9todos y herramientas dise\u00f1ados para garantizar la m\u00e1xima seguridad y confidencialidad, por personas espec\u00edficamente autorizadas para ello. En cumplimiento de lo dispuesto en el art\u00edculo 5 apartado 1 letra e) del Reg. UE 2016\/679, los datos personales recogidos se conservar\u00e1n en una forma que permita la identificaci\u00f3n de los interesados durante un plazo no superior a la consecuci\u00f3n de los fines para los que se tratan los datos personales. La conservaci\u00f3n de los datos de car\u00e1cter personal proporcionados depende de la finalidad del tratamiento:    <\/p>\n\n<p>-Para las cookies, consulta la pol\u00edtica de cookies en el pie de p\u00e1gina del sitio;<\/p>\n\n<p>-para otros fines ver la informaci\u00f3n espec\u00edfica seg\u00fan la forma del \u00e1rea de referencia.<\/p>\n\n<p><strong>7.DERECHOS DE LAS PARTES INTERESADAS (personas f\u00edsicas)<\/strong><\/p>\n\n<p>Puedes hacer valer tus derechos expresados en el Reglamento UE 2016\/679 poni\u00e9ndote en contacto con el Responsable del Tratamiento, enviando un correo electr\u00f3nico a <a href=\"mailto:privacy@amareni.com\">privacy@amareni.com<\/a> o poni\u00e9ndote en contacto con el RPD en <a href=\"mailto:dpo.amareni@amareni.com\">dpo.amareni@amareni.com.<\/a><\/p>\n\n<p>La persona f\u00edsica interesada, seg\u00fan el \u00e1rea de referencia del sitio y la informaci\u00f3n espec\u00edfica, puede hacer valer sus derechos expresados en los art\u00edculos 15 y siguientes del Reglamento UE 2016\/679, dirigi\u00e9ndose al Responsable del Tratamiento por escrito a los contactos indicados anteriormente. En particular, el interesado tiene derecho, en cualquier momento, a obtener del Responsable del Tratamiento acceso a sus datos personales y a solicitar informaci\u00f3n sobre el tratamiento, as\u00ed como a rectificar, suprimir sus datos personales o limitar su tratamiento. Adem\u00e1s, en los casos previstos, el interesado tiene derecho a revocar el consentimiento prestado sin que ello afecte a la licitud del tratamiento basado en el consentimiento antes de la revocaci\u00f3n. Adem\u00e1s, el interesado tiene derecho a oponerse al tratamiento basado en el inter\u00e9s leg\u00edtimo escribiendo a <a href=\"mailto:dpo.amareni@amareni.com\">dpo.amareni@amareni.com.<\/a> Cuando proceda, el interesado tiene derecho a la portabilidad de sus datos personales, en cuyo caso el Responsable del Tratamiento le facilitar\u00e1 los datos personales relativos al interesado en un formato estructurado, de uso com\u00fan y lectura mec\u00e1nica. En caso de que el interesado considere que el tratamiento de datos personales realizado por el responsable del tratamiento infringe las disposiciones del Reglamento (UE) 2016\/679, el interesado tiene derecho a presentar una reclamaci\u00f3n ante el Garante de la Privacidad<a href=\"https:\/\/www.garanteprivacy.it\/\">(https:\/\/www.garanteprivacy.it\/)<\/a>, o a llevar el asunto ante los tribunales competentes (estos \u00faltimos tribunales tambi\u00e9n para personas jur\u00eddicas y no s\u00f3lo para personas f\u00edsicas). Para revocar el consentimiento a la elaboraci\u00f3n no automatizada de perfiles, bastar\u00e1 con escribir en cualquier momento un correo electr\u00f3nico a <a href=\"mailto:dpo.amareni@amareni.com\">dpo.amareni@amareni.com<\/a> con el asunto \u00abno elaboraci\u00f3n de perfiles\u00bb.      <\/p>\n\n<p>Tambi\u00e9n para las personas jur\u00eddicas\/contratistas, para dejar de recibir comunicaciones automatizadas de marketing directo (por ejemplo, correo electr\u00f3nico, sms, redes sociales) basta con escribir un correo electr\u00f3nico en cualquier momento a <a href=\"mailto:dpo.amareni@amareni.com\">dpo.amareni@amareni.com<\/a> con el asunto \u00abdarse de baja de automatizado\u00bb o utilizar nuestros sistemas automatizados de baja proporcionados s\u00f3lo para correo electr\u00f3nico. Para dejar de recibir comunicaciones tradicionales de marketing directo (llamadas telef\u00f3nicas con operador y correo en papel), basta con escribir en cualquier momento un correo electr\u00f3nico a <a href=\"mailto:dpo.amareni@amareni.com\">dpo.amareni@amareni.com<\/a> con el asunto \u00abdarse de baja de tradicional\u00bb. Consulta las pol\u00edticas de privacidad espec\u00edficas en \u00e1reas concretas.  <\/p>\n\n<p><strong>8.NATURALEZA DE LA CONCESI\u00d3N Y DENEGACI\u00d3N<\/strong><\/p>\n\n<p>A excepci\u00f3n de los datos de navegaci\u00f3n, que son necesarios para permitir la navegaci\u00f3n por el sitio web, los usuarios\/contratantes son libres de facilitar sus datos personales y el hecho de no hacerlo s\u00f3lo puede suponer la imposibilidad de obtener la informaci\u00f3n o los servicios solicitados y prestados a trav\u00e9s de este sitio web.<\/p>\n\n<p>Consulta la informaci\u00f3n espec\u00edfica sobre la base del tratamiento de datos en \u00e1reas concretas.<\/p>\n\n<p><strong>9. CAMBIOS EN LA POL\u00cdTICA DE PRIVACIDAD<\/strong><\/p>\n\n<p>El titular se reserva el derecho a cambiar, actualizar, a\u00f1adir o eliminar partes de esta pol\u00edtica de privacidad. El titular de los datos est\u00e1 obligado a comprobar peri\u00f3dicamente si se han producido cambios. Para facilitar esta comprobaci\u00f3n, el aviso contendr\u00e1 una indicaci\u00f3n de la fecha en la que se actualiz\u00f3. El uso del sitio, tras la publicaci\u00f3n de los cambios, constituir\u00e1 la aceptaci\u00f3n de los mismos.   <\/p>\n\n<p>Fecha de actualizaci\u00f3n: 21 de octubre de 2024<\/p>\n","protected":false},"excerpt":{"rendered":"<p>Documento informativo Art. 13 Reg. UE 2016\/679 &#8211; GDPR &#8211; Informaci\u00f3n para el tratamiento de datos personales recogidos del interesado\/usuario &#8211; y Art. 130 &#8211; Comunicaciones no deseadas Decreto Legislativo 196\/2003 contratista En cumplimiento del Reglamento General de Protecci\u00f3n de Datos (UE) 2016\/679, proporcionamos la informaci\u00f3n necesaria sobre el tratamiento de los datos personales facilitados. [&hellip;]<\/p>\n","protected":false},"author":1,"featured_media":0,"parent":0,"menu_order":0,"comment_status":"closed","ping_status":"closed","template":"","meta":{"footnotes":""},"class_list":["post-1205","page","type-page","status-publish","hentry"],"yoast_head":"<!-- This site is optimized with the Yoast SEO plugin v26.0 - https:\/\/yoast.com\/wordpress\/plugins\/seo\/ -->\n<title>Pol\u00edtica de privacidad - Amareni<\/title>\n<meta name=\"robots\" content=\"index, follow, max-snippet:-1, max-image-preview:large, max-video-preview:-1\" \/>\n<meta property=\"og:locale\" content=\"es_ES\" \/>\n<meta property=\"og:type\" content=\"article\" \/>\n<meta property=\"og:title\" content=\"Pol\u00edtica de privacidad - Amareni\" \/>\n<meta property=\"og:description\" content=\"Documento informativo Art. 13 Reg. UE 2016\/679 &#8211; GDPR &#8211; Informaci\u00f3n para el tratamiento de datos personales recogidos del interesado\/usuario &#8211; y Art. 130 &#8211; Comunicaciones no deseadas Decreto Legislativo 196\/2003 contratista En cumplimiento del Reglamento General de Protecci\u00f3n de Datos (UE) 2016\/679, proporcionamos la informaci\u00f3n necesaria sobre el tratamiento de los datos personales facilitados. [&hellip;]\" \/>\n<meta property=\"og:url\" content=\"https:\/\/amareni.it\/es\/politica-de-privacidad\/\" \/>\n<meta property=\"og:site_name\" content=\"Amareni\" \/>\n<meta property=\"article:modified_time\" content=\"2024-11-11T18:46:22+00:00\" \/>\n<meta name=\"twitter:card\" content=\"summary_large_image\" \/>\n<meta name=\"twitter:label1\" content=\"Tiempo de lectura\" \/>\n\t<meta name=\"twitter:data1\" content=\"10 minutos\" \/>\n<script type=\"application\/ld+json\" class=\"yoast-schema-graph\">{\"@context\":\"https:\/\/schema.org\",\"@graph\":[{\"@type\":\"WebPage\",\"@id\":\"https:\/\/amareni.it\/es\/politica-de-privacidad\/\",\"url\":\"https:\/\/amareni.it\/es\/politica-de-privacidad\/\",\"name\":\"Pol\u00edtica de privacidad - Amareni\",\"isPartOf\":{\"@id\":\"https:\/\/amareni.it\/#website\"},\"datePublished\":\"2023-01-25T12:32:10+00:00\",\"dateModified\":\"2024-11-11T18:46:22+00:00\",\"breadcrumb\":{\"@id\":\"https:\/\/amareni.it\/es\/politica-de-privacidad\/#breadcrumb\"},\"inLanguage\":\"es\",\"potentialAction\":[{\"@type\":\"ReadAction\",\"target\":[\"https:\/\/amareni.it\/es\/politica-de-privacidad\/\"]}]},{\"@type\":\"BreadcrumbList\",\"@id\":\"https:\/\/amareni.it\/es\/politica-de-privacidad\/#breadcrumb\",\"itemListElement\":[{\"@type\":\"ListItem\",\"position\":1,\"name\":\"Home\",\"item\":\"https:\/\/amareni.it\/es\/\"},{\"@type\":\"ListItem\",\"position\":2,\"name\":\"Pol\u00edtica de privacidad\"}]},{\"@type\":\"WebSite\",\"@id\":\"https:\/\/amareni.it\/#website\",\"url\":\"https:\/\/amareni.it\/\",\"name\":\"Amareni\",\"description\":\"Cucine di design personalizzabili.\",\"publisher\":{\"@id\":\"https:\/\/amareni.it\/#organization\"},\"potentialAction\":[{\"@type\":\"SearchAction\",\"target\":{\"@type\":\"EntryPoint\",\"urlTemplate\":\"https:\/\/amareni.it\/?s={search_term_string}\"},\"query-input\":{\"@type\":\"PropertyValueSpecification\",\"valueRequired\":true,\"valueName\":\"search_term_string\"}}],\"inLanguage\":\"es\"},{\"@type\":\"Organization\",\"@id\":\"https:\/\/amareni.it\/#organization\",\"name\":\"Amareni\",\"url\":\"https:\/\/amareni.it\/\",\"logo\":{\"@type\":\"ImageObject\",\"inLanguage\":\"es\",\"@id\":\"https:\/\/amareni.it\/#\/schema\/logo\/image\/\",\"url\":\"https:\/\/amareni.it\/wp-content\/uploads\/logo-amareni-texto.svg\",\"contentUrl\":\"https:\/\/amareni.it\/wp-content\/uploads\/logo-amareni-texto.svg\",\"width\":433,\"height\":74,\"caption\":\"Amareni\"},\"image\":{\"@id\":\"https:\/\/amareni.it\/#\/schema\/logo\/image\/\"}}]}<\/script>\n<!-- \/ Yoast SEO plugin. -->","yoast_head_json":{"title":"Pol\u00edtica de privacidad - Amareni","robots":{"index":"index","follow":"follow","max-snippet":"max-snippet:-1","max-image-preview":"max-image-preview:large","max-video-preview":"max-video-preview:-1"},"og_locale":"es_ES","og_type":"article","og_title":"Pol\u00edtica de privacidad - Amareni","og_description":"Documento informativo Art. 13 Reg. UE 2016\/679 &#8211; GDPR &#8211; Informaci\u00f3n para el tratamiento de datos personales recogidos del interesado\/usuario &#8211; y Art. 130 &#8211; Comunicaciones no deseadas Decreto Legislativo 196\/2003 contratista En cumplimiento del Reglamento General de Protecci\u00f3n de Datos (UE) 2016\/679, proporcionamos la informaci\u00f3n necesaria sobre el tratamiento de los datos personales facilitados. [&hellip;]","og_url":"https:\/\/amareni.it\/es\/politica-de-privacidad\/","og_site_name":"Amareni","article_modified_time":"2024-11-11T18:46:22+00:00","twitter_card":"summary_large_image","twitter_misc":{"Tiempo de lectura":"10 minutos"},"schema":{"@context":"https:\/\/schema.org","@graph":[{"@type":"WebPage","@id":"https:\/\/amareni.it\/es\/politica-de-privacidad\/","url":"https:\/\/amareni.it\/es\/politica-de-privacidad\/","name":"Pol\u00edtica de privacidad - Amareni","isPartOf":{"@id":"https:\/\/amareni.it\/#website"},"datePublished":"2023-01-25T12:32:10+00:00","dateModified":"2024-11-11T18:46:22+00:00","breadcrumb":{"@id":"https:\/\/amareni.it\/es\/politica-de-privacidad\/#breadcrumb"},"inLanguage":"es","potentialAction":[{"@type":"ReadAction","target":["https:\/\/amareni.it\/es\/politica-de-privacidad\/"]}]},{"@type":"BreadcrumbList","@id":"https:\/\/amareni.it\/es\/politica-de-privacidad\/#breadcrumb","itemListElement":[{"@type":"ListItem","position":1,"name":"Home","item":"https:\/\/amareni.it\/es\/"},{"@type":"ListItem","position":2,"name":"Pol\u00edtica de privacidad"}]},{"@type":"WebSite","@id":"https:\/\/amareni.it\/#website","url":"https:\/\/amareni.it\/","name":"Amareni","description":"Cucine di design personalizzabili.","publisher":{"@id":"https:\/\/amareni.it\/#organization"},"potentialAction":[{"@type":"SearchAction","target":{"@type":"EntryPoint","urlTemplate":"https:\/\/amareni.it\/?s={search_term_string}"},"query-input":{"@type":"PropertyValueSpecification","valueRequired":true,"valueName":"search_term_string"}}],"inLanguage":"es"},{"@type":"Organization","@id":"https:\/\/amareni.it\/#organization","name":"Amareni","url":"https:\/\/amareni.it\/","logo":{"@type":"ImageObject","inLanguage":"es","@id":"https:\/\/amareni.it\/#\/schema\/logo\/image\/","url":"https:\/\/amareni.it\/wp-content\/uploads\/logo-amareni-texto.svg","contentUrl":"https:\/\/amareni.it\/wp-content\/uploads\/logo-amareni-texto.svg","width":433,"height":74,"caption":"Amareni"},"image":{"@id":"https:\/\/amareni.it\/#\/schema\/logo\/image\/"}}]}},"_links":{"self":[{"href":"https:\/\/amareni.it\/es\/wp-json\/wp\/v2\/pages\/1205","targetHints":{"allow":["GET"]}}],"collection":[{"href":"https:\/\/amareni.it\/es\/wp-json\/wp\/v2\/pages"}],"about":[{"href":"https:\/\/amareni.it\/es\/wp-json\/wp\/v2\/types\/page"}],"author":[{"embeddable":true,"href":"https:\/\/amareni.it\/es\/wp-json\/wp\/v2\/users\/1"}],"replies":[{"embeddable":true,"href":"https:\/\/amareni.it\/es\/wp-json\/wp\/v2\/comments?post=1205"}],"version-history":[{"count":1,"href":"https:\/\/amareni.it\/es\/wp-json\/wp\/v2\/pages\/1205\/revisions"}],"predecessor-version":[{"id":1206,"href":"https:\/\/amareni.it\/es\/wp-json\/wp\/v2\/pages\/1205\/revisions\/1206"}],"wp:attachment":[{"href":"https:\/\/amareni.it\/es\/wp-json\/wp\/v2\/media?parent=1205"}],"curies":[{"name":"wp","href":"https:\/\/api.w.org\/{rel}","templated":true}]}}